{"id":97837,"date":"2025-11-08T16:19:21","date_gmt":"2025-11-08T15:19:21","guid":{"rendered":"https:\/\/geisenhoferklinik.de\/?page_id=97837"},"modified":"2026-03-27T12:39:40","modified_gmt":"2026-03-27T11:39:40","slug":"midwife-consultation","status":"publish","type":"page","link":"https:\/\/geisenhoferklinik.de\/en\/zentren\/geburtshilfe\/hebammensprechstunde\/","title":{"rendered":"Our midwife consultation hours"},"content":{"rendered":"<div class=\"gb-element-03de3b5c\">\n<div class=\"gb-text gb-text-65d5a28c\">Contents<\/div>\n\n\n\n<div class=\"gb-element-60a7fa64\">\n<a class=\"gb-text button-toc gb-text-39d14c0f smooth-scroll\" href=\"#beratung\">Counselling for complaints<\/a>\n\n\n\n<a class=\"gb-text button-toc gb-text-3c64ad1f smooth-scroll\" href=\"#team\">Our team<\/a>\n\n\n\n<a class=\"gb-text button-toc gb-text-fa091937 smooth-scroll\" href=\"#therapieformen\">Complementary forms of therapy<\/a>\n\n\n\n<a class=\"gb-text button-toc gb-text-3e275108 smooth-scroll\" href=\"#nachsorgehebamme\">Find a midwife for aftercare<\/a>\n<\/div>\n<\/div>\n\n\n\n<p>Pregnancy is a time full of anticipation and at the same time associated with many questions, uncertainties and worries. In our midwife consultations, we would like to give you confidence and security through education and information. Our experienced midwives will take time for you and answer all your questions about pregnancy complaints, labour preparation, delivery and the postnatal period. We are here for you and look forward to seeing you!<\/p>\n\n\n\n<div>\n<a class=\"gb-text button-cta\" href=\"https:\/\/www.doctolib.de\/praxis\/muenchen\/hebammensprechstunde\/booking\/motives?specialityId=1586&#038;telehealth=false&#038;placeId=practice-570704&#038;source=profile\" target=\"_blank\" rel=\"noopener noreferrer nofollow\">Book an appointment via Doctolib<\/a>\n<\/div>\n\n\n\n<h2 class=\"gb-text\">Why the Geisenhofer Klinik is the right choice<\/h2>\n\n\n\n<p>As one of the leading maternity clinics in Munich, we offer not only medical excellence, but also personalised, empathetic care from experienced midwives. Our endeavours to ensure the well-being of your child and your health begin long before your due date. We want you to be informed and confident about the birth. That's why our midwives offer personalised midwife consultations, where they can discuss your questions with you in peace and quiet, explain the procedures in our clinic and provide you with individual support for your pregnancy, birth and the first time with your baby.<\/p>\n\n\n\n<p>Please note, however, that the midwife consultation does not replace a birth preparation course. We strongly recommend that you attend an additional antenatal class to prepare yourself fully for the birth.<\/p>\n\n\n\n<div class=\"gb-element-af497870\">\n<div class=\"gb-element-d819eeb2\">\n<div class=\"gb-element-087f1dee\" style=\"--inline-bg-image: url(https:\/\/geisenhoferklinik.de\/wp-content\/uploads\/Hebamme-Susanne-Schwarzenbach_3-2.webp)\" data-vani=\"fade-left\" data-vani-duration=\"1\"><\/div>\n\n\n\n<div class=\"gb-element-f6589015\" style=\"--inline-bg-image: url(https:\/\/geisenhoferklinik.de\/wp-content\/uploads\/Hebammen-Jasmin-Tanyu-und-Milka-Peuraca.webp)\" data-vani-duration=\"1\" data-vani=\"fade-up\"><\/div>\n\n\n\n<div class=\"gb-element-dabf7ef1\" style=\"--inline-bg-image: url(https:\/\/geisenhoferklinik.de\/wp-content\/uploads\/250530_Geisenhofer_Portrait-10_3-2.webp)\" data-vani=\"fade-right\" data-vani-duration=\"1\"><\/div>\n<\/div>\n<\/div>\n\n\n\n<h2 class=\"gb-text\">What is a midwife consultation?<\/h2>\n\n\n\n<p>Midwife consultations are an important part of pregnancy care. Expectant mothers receive personalised and individual support from experienced midwives. This special form of counselling complements medical care and offers women the opportunity to discuss all their questions about pregnancy, birth and the postnatal period in an atmosphere of trust.<\/p>\n\n\n\n<h2 class=\"gb-text\">What is done during the midwife consultation?<\/h2>\n\n\n\n<p>Our midwife consultations complement the medical check-ups and are carried out according to the current standards of obstetrics. We clarify your individual questions and concerns in an atmosphere of trust.<\/p>\n\n\n\n<p>Our consultation hours also include<\/p>\n\n\n\n<p>Our midwives carry out the statutory preventive medical check-ups. These complement the medical care and give you additional security. The maternity record is carefully kept and all important findings are documented.<\/p>\n\n\n\n<h3 class=\"gb-text\" id=\"beratung\">Counselling for pregnancy complaints<\/h3>\n\n\n\n<p>Whether it's nausea, back pain, sleep disorders or other problems - our attending midwives will support you with valuable tips and tricks for your individual pregnancy complaints.<\/p>\n\n\n\n<h3 class=\"gb-text\">Personalised birth preparation<\/h3>\n\n\n\n<p>Preparation for the birth is a central topic of our midwife consultations. We will inform you in detail about the procedures in our clinic and explain various birthing positions and options for pain relief. We are also happy to discuss your individual ideas and wishes for the birth.<\/p>\n\n\n\n<h3 class=\"gb-text\">Advice on nutrition and a healthy lifestyle<\/h3>\n\n\n\n<p>During pregnancy, a healthy diet and lifestyle is essential to promote the growth and development of the baby and also to prevent deficiency symptoms in the mother. We advise you on what you should pay attention to during pregnancy and how you can support your body during this special time.<\/p>\n\n\n\n<h3 class=\"gb-text\" id=\"therapieformen\">Complementary forms of therapy<\/h3>\n\n\n\n<p>In addition to general counselling and preventative care, many of our midwives also offer special treatments such as acupuncture or K-taping. Acupuncture, for example, is a proven method for relieving nausea and back pain and is also used to relax and prepare for labour. K-taping, on the other hand, is a modern and particularly gentle form of therapy that effectively helps with back pain and water retention, among other things.<\/p>\n\n\n\n<div class=\"gb-element-18e18ae5\">\n<div>\n<h2 class=\"gb-text gb-text-bbada31a\" id=\"team\">Our team of midwives<\/h2>\n\n\n\n<p>Our midwives are comprehensively trained and also have various further training programmes. <\/p>\n\n\n\n<p>Most of them have been working in this profession for many years, so you can assume that they have extensive experience.<\/p>\n<\/div>\n\n\n\n<div class=\"gb-element-2e25e650\" style=\"--inline-bg-image: url(https:\/\/geisenhoferklinik.de\/wp-content\/uploads\/250530_Geisenhofer-8_Hebammen.webp)\"><\/div>\n<\/div>\n\n\n\n<h2 class=\"gb-text\">Approach<\/h2>\n\n\n\n<p>Our midwife consultation takes place in the rooms of the <strong>MVZ Dr Geisenhofer <\/strong>takes place. The practice is located opposite the gynaecological clinic, Hirschauer Stra\u00dfe 6a, 80538 Munich.<\/p>\n\n\n\n<p>You can reach us by public transport as well as by car.<\/p>\n\n\n\n<h2 class=\"gb-text\">Registration and dates<\/h2>\n\n\n\n<p>Please plan your first appointment between the 23rd and 30th week of pregnancy.<a href=\"https:\/\/www.doctolib.de\/praxis\/muenchen\/hebammensprechstunde\" target=\"_blank\" rel=\"noopener noreferrer nofollow\"> Please arrange your appointment online via Doctolib.<\/a><\/p>\n\n\n\n<h2 class=\"gb-text\">Our midwife support during the birth<\/h2>\n\n\n\n<p>As soon as you go into labour or your waters break, please call our midwives in the delivery room on <strong>089 \/ 3831-101.<\/strong> Our experienced midwives will accompany you through the entire birth with calm, expertise and empathy.<\/p>\n\n\n\n<p><br>Spontaneous vaginal births at our clinic are led by midwives. Midwives and doctors work hand in hand to ensure maximum safety for mother and child.<\/p>\n\n\n\n<h2 class=\"gb-text\" id=\"nachsorgehebamme\">How do I find an aftercare midwife in Munich?<\/h2>\n\n\n\n<p>Postnatal care is just as important as antenatal care. Comprehensive postnatal care keeps an eye on both the mother's physical recovery and the child's development and also includes breastfeeding counselling, umbilical care and initial tips on postnatal recovery.<\/p>\n\n\n\n<p>However, finding a midwife for postnatal care in Munich can be very challenging. It is important to look for a postnatal care midwife as early as possible. Experience has shown that an early search makes it much easier to find a midwife. The following internet portals can help you find a midwife for the postnatal period:<\/p>\n\n\n\n<ul class=\"wp-block-list\">\n<li><a href=\"http:\/\/www.hebammensuche.de\" target=\"_blank\" rel=\"noopener noreferrer nofollow\">www.hebammensuche.de<\/a>&nbsp;<\/li>\n\n\n\n<li><a href=\"http:\/\/www.ammely.de\" target=\"_blank\" rel=\"noopener noreferrer nofollow\">www.ammely.de<\/a>&nbsp;<\/li>\n\n\n\n<li><a href=\"http:\/\/www.hebammenfinder.de\" target=\"_blank\" rel=\"noopener noreferrer nofollow\">www.hebammenfinder.de<\/a>&nbsp;<\/li>\n<\/ul>\n\n\n\n<h2 class=\"gb-text\">Book one of our affiliated midwives as a follow-up midwife<\/h2>\n\n\n\n<p><strong>Midwife Susanne Schwarzenberg: <\/strong><\/p>\n\n\n\n<p>E-Mail: <a href=\"mailto:susanne-schwarzenberg@gmx.de\">susanne-schwarzenberg@gmx.de<\/a><\/p>\n\n\n\n<p>Telephone: <a href=\"tel:+4917651862978\">+49 (0) 176 51862978<\/a><\/p>\n\n\n\n<img loading=\"lazy\" decoding=\"async\" width=\"1200\" height=\"800\" class=\"gb-media-664e4d2a\" alt=\"Midwife Susanne Schwarzenberg - Women&#039;s Clinic Dr Geisenhofer Munich\" src=\"https:\/\/geisenhoferklinik.de\/wp-content\/uploads\/Hebamme-Susanne-Schwarzenbach_3-2.webp\" srcset=\"https:\/\/geisenhoferklinik.de\/wp-content\/uploads\/Hebamme-Susanne-Schwarzenbach_3-2.webp 1200w, https:\/\/geisenhoferklinik.de\/wp-content\/uploads\/Hebamme-Susanne-Schwarzenbach_3-2-600x400.webp 600w, https:\/\/geisenhoferklinik.de\/wp-content\/uploads\/Hebamme-Susanne-Schwarzenbach_3-2-1024x683.webp 1024w, https:\/\/geisenhoferklinik.de\/wp-content\/uploads\/Hebamme-Susanne-Schwarzenbach_3-2-300x200.webp 300w, https:\/\/geisenhoferklinik.de\/wp-content\/uploads\/Hebamme-Susanne-Schwarzenbach_3-2-768x512.webp 768w, https:\/\/geisenhoferklinik.de\/wp-content\/uploads\/Hebamme-Susanne-Schwarzenbach_3-2-18x12.webp 18w\" sizes=\"auto, (max-width: 1200px) 100vw, 1200px\" \/>\n\n\n\n<p class=\"gb-text gb-text-79ded2c8\"><em>Midwife consultation Munich - Women's Clinic Dr Geisenhofer<br>Pregnancy care | Obstetrics | Midwives | Munich<br>Because every pregnancy deserves special attention.<\/em><\/p>","protected":false},"excerpt":{"rendered":"<p>Inhalt Beratung bei Beschwerden Unser Team Komplement\u00e4re Therapieformen Nachsorgehebamme finden Die Schwangerschaft ist eine Zeit voller Vorfreude und gleichzeitig mit vielen Fragen, Unsicherheiten und Sorgen verbunden. In unserer Hebammensprechstunde m\u00f6chten wir Ihnen durch Aufkl\u00e4rung und Information Selbstvertrauen und Sicherheit schenken. Unsere erfahrenen Beleghebammen nehmen sich Zeit f\u00fcr Sie und beantworten all Ihre Fragen zu Schwangerschaftsbeschwerden, &#8230; <a title=\"Our midwife consultation hours\" class=\"read-more\" href=\"https:\/\/geisenhoferklinik.de\/en\/zentren\/geburtshilfe\/hebammensprechstunde\/\" aria-label=\"Read more about Unsere Hebammensprechstunde\">Read more<\/a><\/p>","protected":false},"author":4,"featured_media":0,"parent":97788,"menu_order":412,"comment_status":"closed","ping_status":"closed","template":"","meta":{"_acf_changed":false,"_seopress_robots_primary_cat":"","_seopress_titles_title":"Hebammensprechstunde M\u00fcnchen | Dr. Geisenhofer","_seopress_titles_desc":"Hebammensprechstunde M\u00fcnchen: Die Geisenhoferklinik begleitet Schwangere mit Erfahrung & Herz durch Schwangerschaft & Geburtsvorbereitung.","_seopress_robots_index":"","_nd_vani_enabled":true,"footnotes":""},"class_list":{"0":"post-97837","1":"page","2":"type-page","3":"status-publish","5":"infinite-scroll-item","6":"no-featured-image-padding"},"acf":[],"_links":{"self":[{"href":"https:\/\/geisenhoferklinik.de\/en\/wp-json\/wp\/v2\/pages\/97837","targetHints":{"allow":["GET"]}}],"collection":[{"href":"https:\/\/geisenhoferklinik.de\/en\/wp-json\/wp\/v2\/pages"}],"about":[{"href":"https:\/\/geisenhoferklinik.de\/en\/wp-json\/wp\/v2\/types\/page"}],"author":[{"embeddable":true,"href":"https:\/\/geisenhoferklinik.de\/en\/wp-json\/wp\/v2\/users\/4"}],"replies":[{"embeddable":true,"href":"https:\/\/geisenhoferklinik.de\/en\/wp-json\/wp\/v2\/comments?post=97837"}],"version-history":[{"count":0,"href":"https:\/\/geisenhoferklinik.de\/en\/wp-json\/wp\/v2\/pages\/97837\/revisions"}],"up":[{"embeddable":true,"href":"https:\/\/geisenhoferklinik.de\/en\/wp-json\/wp\/v2\/pages\/97788"}],"wp:attachment":[{"href":"https:\/\/geisenhoferklinik.de\/en\/wp-json\/wp\/v2\/media?parent=97837"}],"curies":[{"name":"wp","href":"https:\/\/api.w.org\/{rel}","templated":true}]}}